{"id":2066,"date":"2021-09-03T04:18:56","date_gmt":"2021-09-03T04:18:56","guid":{"rendered":"http:\/\/yuyimorales.com\/catalogue\/?page_id=2066"},"modified":"2021-10-22T18:08:40","modified_gmt":"2021-10-22T18:08:40","slug":"rudas-ninos-horrendous-hermanitas","status":"publish","type":"page","link":"http:\/\/yuyimorales.com\/catalogue\/?page_id=2066","title":{"rendered":"Rudas: Ni\u00f1o&#8217;s Horrendous Hermanitas"},"content":{"rendered":"<p>[et_pb_section fb_built=&#8221;1&#8243; _builder_version=&#8221;4.9.1&#8243; _module_preset=&#8221;default&#8221;][et_pb_row column_structure=&#8221;1_2,1_2&#8243; _builder_version=&#8221;4.9.1&#8243; _module_preset=&#8221;default&#8221; locked=&#8221;off&#8221;][et_pb_column type=&#8221;1_2&#8243; _builder_version=&#8221;4.9.1&#8243; _module_preset=&#8221;default&#8221;][et_pb_image src=&#8221;http:\/\/yuyimorales.com\/catalogue\/wp-content\/uploads\/2021\/08\/Rudas-300&#215;300.jpg&#8221; alt=&#8221;Bright Star&#8221; title_text=&#8221;Rudas&#8221; align=&#8221;center&#8221; _builder_version=&#8221;4.9.1&#8243; _module_preset=&#8221;default&#8221; box_shadow_style=&#8221;preset3&#8243;][\/et_pb_image][\/et_pb_column][et_pb_column type=&#8221;1_2&#8243; _builder_version=&#8221;4.9.1&#8243; _module_preset=&#8221;default&#8221;][et_pb_text _builder_version=&#8221;4.9.1&#8243; _module_preset=&#8221;default&#8221;]<\/p>\n<h2><strong>Rudas: Ni\u00f1o&#8217;s Horrendous Hermanitas<\/strong><\/h2>\n<p><span class=\"author\"><strong>by<\/strong><span>\u00a0<\/span><a href=\"https:\/\/holidayhouse.com\/results\/?auth=242\">Yuyi Morales<\/a><\/span><br \/><strong>Published by<\/strong><span> <\/span>Roaring Book Press McMillan<span><\/span><br \/><strong>Hardcover<\/strong><span>\u00a0|\u00a0<\/span><strong>Pages:<\/strong><span>\u00a040<\/span><br \/><strong>Size:<\/strong><span> 9.33 x 0.44 x 9.33 Inch<\/span><span>\u00a0| <\/span><strong>USD:<\/strong><span>\u00a0$<\/span><span id=\"priceearea\">9.99<\/span><br \/><strong>ISBN:<\/strong><span> 9781250143365<\/span><br \/><strong>Age:<\/strong><span>\u00a0<\/span>4-8<\/p>\n<p><span><\/span><\/p>\n<p>[\/et_pb_text][et_pb_text _builder_version=&#8221;4.9.1&#8243; _module_preset=&#8221;default&#8221; custom_padding=&#8221;||0px|||&#8221;]<\/p>\n<h4><strong>ABOUT THE BOOK<\/strong><\/h4>\n<div id=\"longdesc\">\n<p>Se\u00f1oras y se\u00f1ores, ni\u00f1os y ni\u00f1as, the time has come to welcome the spectacular, two-of-a-kind . . . LAS HERMANITAS!<\/p>\n<p>No opponent is too big a challenge for the cunning skills of Las Hermanitas, Lucha Queens! Their Poopy Bomb Blowout will knock em&#8217; down! Their Tag-Team Teething will gnaw opponents down to a pulp! Their Pampered Plunder Diversion will fell even the most determined competitor!<\/p>\n<p>But what happens when Ni\u00f1o comes after them with a move of his own? Watch the tables turn in this wild, exciting wrestling adventure from Caldecott Honor author Yuyi Morales, Rudas: Ni\u00f1o&#8217;s Horrendous Hermanitas.<\/p>\n<\/div>\n<p>[\/et_pb_text][\/et_pb_column][\/et_pb_row][et_pb_row _builder_version=&#8221;3.25&#8243; custom_padding=&#8221;5px||4px|||&#8221; locked=&#8221;off&#8221;][et_pb_column type=&#8221;4_4&#8243; _builder_version=&#8221;3.25&#8243; custom_padding=&#8221;|||&#8221; custom_padding__hover=&#8221;|||&#8221;][et_pb_text _builder_version=&#8221;3.27.4&#8243; text_font=&#8221;||||||||&#8221; header_font=&#8221;||||||||&#8221; header_2_font=&#8221;Abhaya Libre|700|||||||&#8221; header_2_font_size=&#8221;64px&#8221; header_2_line_height=&#8221;1.2em&#8221; text_orientation=&#8221;center&#8221; custom_margin=&#8221;|||&#8221; custom_padding=&#8221;0px||0px|||&#8221; animation_style=&#8221;slide&#8221; animation_direction=&#8221;top&#8221; animation_intensity_slide=&#8221;5%&#8221; animation_starting_opacity=&#8221;100%&#8221; header_2_font_size_tablet=&#8221;40px&#8221; header_2_font_size_phone=&#8221;&#8221; header_2_font_size_last_edited=&#8221;on|tablet&#8221; inline_fonts=&#8221;Abhaya Libre&#8221;]<\/p>\n<h2><strong><span style=\"font-family: inherit; font-size: xx-large;\">Videos<\/span><\/strong><\/h2>\n<p>[\/et_pb_text][\/et_pb_column][\/et_pb_row][et_pb_row column_structure=&#8221;1_3,1_3,1_3&#8243; _builder_version=&#8221;4.9.1&#8243; _module_preset=&#8221;default&#8221; custom_padding=&#8221;10px||5px|||&#8221;][et_pb_column type=&#8221;1_3&#8243; _builder_version=&#8221;4.9.1&#8243; _module_preset=&#8221;default&#8221;][et_pb_video src=&#8221;https:\/\/www.youtube.com\/watch?v=ZX7XJ0xhr3s&#8221; _builder_version=&#8221;4.9.1&#8243; _module_preset=&#8221;default&#8221;][\/et_pb_video][et_pb_video_slider _builder_version=&#8221;4.9.1&#8243; _module_preset=&#8221;default&#8221;][\/et_pb_video_slider][\/et_pb_column][et_pb_column type=&#8221;1_3&#8243; _builder_version=&#8221;4.9.1&#8243; _module_preset=&#8221;default&#8221;][et_pb_video src=&#8221;https:\/\/www.youtube.com\/watch?v=Cth1nfh_B9A&#8221; _builder_version=&#8221;4.9.1&#8243; _module_preset=&#8221;default&#8221;][\/et_pb_video][\/et_pb_column][et_pb_column type=&#8221;1_3&#8243; _builder_version=&#8221;4.9.1&#8243; _module_preset=&#8221;default&#8221;][et_pb_video src=&#8221;https:\/\/www.youtube.com\/watch?v=_lKNV2fEsqI&#8221; _builder_version=&#8221;4.9.1&#8243; _module_preset=&#8221;default&#8221;][\/et_pb_video][et_pb_video_slider _builder_version=&#8221;4.9.1&#8243; _module_preset=&#8221;default&#8221;][\/et_pb_video_slider][\/et_pb_column][\/et_pb_row][et_pb_row _builder_version=&#8221;4.9.1&#8243; _module_preset=&#8221;default&#8221; custom_margin=&#8221;|auto|-7px|auto||&#8221; custom_padding=&#8221;||8px|||&#8221;][et_pb_column type=&#8221;4_4&#8243; _builder_version=&#8221;4.9.1&#8243; _module_preset=&#8221;default&#8221;][et_pb_text _builder_version=&#8221;3.27.4&#8243; text_font=&#8221;||||||||&#8221; header_font=&#8221;||||||||&#8221; header_2_font=&#8221;Abhaya Libre|700|||||||&#8221; header_2_font_size=&#8221;64px&#8221; header_2_line_height=&#8221;1.2em&#8221; text_orientation=&#8221;center&#8221; custom_margin=&#8221;|||&#8221; custom_padding=&#8221;0px||0px|||&#8221; animation_style=&#8221;slide&#8221; animation_direction=&#8221;top&#8221; animation_intensity_slide=&#8221;5%&#8221; animation_starting_opacity=&#8221;100%&#8221; header_2_font_size_tablet=&#8221;40px&#8221; header_2_font_size_phone=&#8221;&#8221; header_2_font_size_last_edited=&#8221;on|tablet&#8221; inline_fonts=&#8221;Abhaya Libre&#8221;]<\/p>\n<h2><strong><span style=\"font-family: inherit; font-size: xx-large;\"><span style=\"font-size: large;\">\u2605\u2605\u2605<\/span> Reviews <span style=\"font-size: large;\">\u2605\u2605\u2605<\/span><\/span><\/strong><\/h2>\n<p>[\/et_pb_text][\/et_pb_column][\/et_pb_row][et_pb_row _builder_version=&#8221;4.9.1&#8243; _module_preset=&#8221;default&#8221; custom_padding=&#8221;8px||3px|||&#8221;][et_pb_column type=&#8221;4_4&#8243; _builder_version=&#8221;4.9.1&#8243; _module_preset=&#8221;default&#8221;][et_pb_text _builder_version=&#8221;4.9.1&#8243; _module_preset=&#8221;default&#8221; custom_padding=&#8221;||1px|||&#8221;]<\/p>\n<p><span>\u2605 <\/span>&#8220;The energy in Morales\u2019s punchy artwork is dialed up to the max, and the finale demonstrates that a good book can pacify even the most ferocious of opponents.&#8221; \u2014<strong>Publishers Weekly, starred review<\/strong><\/p>\n<p><span>\u2605 <\/span>&#8220;With acrylics and inks Morales depicts the spectacular battle between Ni\u00f1o and his two little sisters in brilliantly colored cartoons, as each page blasts our senses with eye-popping bold font styles and bubble text, and backgrounds of explosive stars. Another hit for award winner Morales!&#8221; \u2014<strong>Booklist, starred review<\/strong><\/p>\n<p><span>\u2605 <\/span>&#8220;Another winner by Morales, this ode to sibling scuffles and makeups will delight kids of all ages. \u00a1Vivan las hermanitas!&#8221; \u2014<strong>School Library Journal, starred review<\/strong><\/p>\n<p><span>\u2605 <\/span>&#8220;This follow-up to Ni\u00f1o Wrestles the World (rev. 7\/13) is brimming with action,humor, and heart.&#8221; \u2014<strong>The Horn Book, starred review<\/strong><\/p>\n<p>[\/et_pb_text][\/et_pb_column][\/et_pb_row][et_pb_row _builder_version=&#8221;4.9.1&#8243; _module_preset=&#8221;default&#8221;][et_pb_column type=&#8221;4_4&#8243; _builder_version=&#8221;4.9.1&#8243; _module_preset=&#8221;default&#8221;][et_pb_text _builder_version=&#8221;3.27.4&#8243; text_font=&#8221;||||||||&#8221; header_font=&#8221;||||||||&#8221; header_2_font=&#8221;Abhaya Libre|700|||||||&#8221; header_2_font_size=&#8221;64px&#8221; header_2_line_height=&#8221;1.2em&#8221; text_orientation=&#8221;center&#8221; custom_margin=&#8221;|||&#8221; custom_padding=&#8221;0px||0px|||&#8221; animation_style=&#8221;slide&#8221; animation_direction=&#8221;top&#8221; animation_intensity_slide=&#8221;5%&#8221; animation_starting_opacity=&#8221;100%&#8221; header_2_font_size_tablet=&#8221;40px&#8221; header_2_font_size_phone=&#8221;&#8221; header_2_font_size_last_edited=&#8221;on|tablet&#8221; inline_fonts=&#8221;Abhaya Libre&#8221;]<\/p>\n<h2><strong><span style=\"font-family: inherit; font-size: xx-large;\">Buy the Hardcover at:<\/span><\/strong><\/h2>\n<p>[\/et_pb_text][et_pb_text _builder_version=&#8221;4.9.1&#8243; _module_preset=&#8221;default&#8221; custom_margin=&#8221;-9px|||||&#8221; custom_padding=&#8221;||0px|||&#8221;]<\/p>\n<p style=\"text-align: center;\"><strong>Buy the Hardcover at:<\/strong><br \/><a href=\"https:\/\/bookshop.org\/books\/rudas-nino-s-horrendous-hermanitas\/9781250143365\" target=\"_blank\" rel=\"noopener\">Bookshop<\/a><br \/><span style=\"text-decoration: underline;\"><a href=\"https:\/\/www.indiebound.org\/book\/9781626722408\" target=\"_blank\" rel=\"noopener\">IndieBound<\/a><\/span><br \/><a href=\"https:\/\/www.barnesandnoble.com\/w\/rudas-yuyi-morales\/1124690640?ean=9781250143365\" target=\"_blank\" rel=\"noopener\">Barnes &amp; Noble<\/a><br \/><a href=\"https:\/\/www.amazon.com\/-\/es\/Yuyi-Morales\/dp\/1626722404\/ref=sr_1_1?__mk_es_US=%C3%85M%C3%85%C5%BD%C3%95%C3%91&amp;crid=2PGJS9XJOAPC3&amp;dchild=1&amp;keywords=rudas&amp;qid=1634921820&amp;s=books&amp;sprefix=rudas%2Cstripbooks-intl-ship%2C144&amp;sr=1-1\" target=\"_blank\" rel=\"noopener\">Amazon<\/a><\/p>\n<p style=\"text-align: center;\"><strong>Also Available:<\/strong><span><\/span><\/p>\n<div class=\"one-edition\" style=\"text-align: center;\">eBook<\/div>\n<p>[\/et_pb_text][\/et_pb_column][\/et_pb_row][\/et_pb_section]<\/p>\n","protected":false},"excerpt":{"rendered":"<p>[et_pb_section fb_built=&#8221;1&#8243; _builder_version=&#8221;4.9.1&#8243; _module_preset=&#8221;default&#8221;][et_pb_row column_structure=&#8221;1_2,1_2&#8243; _builder_version=&#8221;4.9.1&#8243; _module_preset=&#8221;default&#8221; locked=&#8221;off&#8221;][et_pb_column type=&#8221;1_2&#8243; _builder_version=&#8221;4.9.1&#8243; _module_preset=&#8221;default&#8221;][et_pb_image src=&#8221;http:\/\/yuyimorales.com\/catalogue\/wp-content\/uploads\/2021\/08\/Rudas-300&#215;300.jpg&#8221; alt=&#8221;Bright Star&#8221; title_text=&#8221;Rudas&#8221; align=&#8221;center&#8221; _builder_version=&#8221;4.9.1&#8243; _module_preset=&#8221;default&#8221; box_shadow_style=&#8221;preset3&#8243;][\/et_pb_image][\/et_pb_column][et_pb_column type=&#8221;1_2&#8243; _builder_version=&#8221;4.9.1&#8243; _module_preset=&#8221;default&#8221;][et_pb_text _builder_version=&#8221;4.9.1&#8243; _module_preset=&#8221;default&#8221;] Rudas: Ni\u00f1o&#8217;s Horrendous Hermanitas by\u00a0Yuyi MoralesPublished by Roaring Book Press McMillanHardcover\u00a0|\u00a0Pages:\u00a040Size: 9.33 x 0.44 x 9.33 Inch\u00a0| USD:\u00a0$9.99ISBN: 9781250143365Age:\u00a04-8 [\/et_pb_text][et_pb_text _builder_version=&#8221;4.9.1&#8243; _module_preset=&#8221;default&#8221; custom_padding=&#8221;||0px|||&#8221;] ABOUT THE BOOK Se\u00f1oras y se\u00f1ores, ni\u00f1os y [&hellip;]<\/p>\n","protected":false},"author":1,"featured_media":0,"parent":0,"menu_order":0,"comment_status":"closed","ping_status":"closed","template":"","meta":{"_et_pb_use_builder":"on","_et_pb_old_content":"","_et_gb_content_width":"","footnotes":""},"class_list":["post-2066","page","type-page","status-publish","hentry"],"_links":{"self":[{"href":"http:\/\/yuyimorales.com\/catalogue\/index.php?rest_route=\/wp\/v2\/pages\/2066","targetHints":{"allow":["GET"]}}],"collection":[{"href":"http:\/\/yuyimorales.com\/catalogue\/index.php?rest_route=\/wp\/v2\/pages"}],"about":[{"href":"http:\/\/yuyimorales.com\/catalogue\/index.php?rest_route=\/wp\/v2\/types\/page"}],"author":[{"embeddable":true,"href":"http:\/\/yuyimorales.com\/catalogue\/index.php?rest_route=\/wp\/v2\/users\/1"}],"replies":[{"embeddable":true,"href":"http:\/\/yuyimorales.com\/catalogue\/index.php?rest_route=%2Fwp%2Fv2%2Fcomments&post=2066"}],"version-history":[{"count":11,"href":"http:\/\/yuyimorales.com\/catalogue\/index.php?rest_route=\/wp\/v2\/pages\/2066\/revisions"}],"predecessor-version":[{"id":2438,"href":"http:\/\/yuyimorales.com\/catalogue\/index.php?rest_route=\/wp\/v2\/pages\/2066\/revisions\/2438"}],"wp:attachment":[{"href":"http:\/\/yuyimorales.com\/catalogue\/index.php?rest_route=%2Fwp%2Fv2%2Fmedia&parent=2066"}],"curies":[{"name":"wp","href":"https:\/\/api.w.org\/{rel}","templated":true}]}}