{"id":2056,"date":"2021-09-03T04:01:11","date_gmt":"2021-09-03T04:01:11","guid":{"rendered":"http:\/\/yuyimorales.com\/catalogue\/?page_id=2056"},"modified":"2021-10-22T17:26:47","modified_gmt":"2021-10-22T17:26:47","slug":"nino","status":"publish","type":"page","link":"http:\/\/yuyimorales.com\/catalogue\/?page_id=2056","title":{"rendered":"Ni\u00f1o"},"content":{"rendered":"<p>[et_pb_section fb_built=&#8221;1&#8243; _builder_version=&#8221;4.9.1&#8243; _module_preset=&#8221;default&#8221;][et_pb_row column_structure=&#8221;1_2,1_2&#8243; _builder_version=&#8221;4.9.1&#8243; _module_preset=&#8221;default&#8221; locked=&#8221;off&#8221;][et_pb_column type=&#8221;1_2&#8243; _builder_version=&#8221;4.9.1&#8243; _module_preset=&#8221;default&#8221;][et_pb_image src=&#8221;http:\/\/yuyimorales.com\/catalogue\/wp-content\/uploads\/2021\/08\/nin\u0303o-1-297&#215;300.jpg&#8221; alt=&#8221;Bright Star&#8221; title_text=&#8221;Ni\u00f1o&#8221; align=&#8221;center&#8221; _builder_version=&#8221;4.9.1&#8243; _module_preset=&#8221;default&#8221; box_shadow_style=&#8221;preset3&#8243;][\/et_pb_image][\/et_pb_column][et_pb_column type=&#8221;1_2&#8243; _builder_version=&#8221;4.9.1&#8243; _module_preset=&#8221;default&#8221;][et_pb_text _builder_version=&#8221;4.9.1&#8243; _module_preset=&#8221;default&#8221;]<\/p>\n<h2><strong>Ni\u00f1o Wrestles the World<\/strong><\/h2>\n<p><span class=\"author\"><strong>by<\/strong><span>\u00a0<\/span><a href=\"https:\/\/holidayhouse.com\/results\/?auth=242\">Yuyi Morales<\/a><\/span><br \/><strong>Published by<\/strong><span> <\/span>Roaring Bookpress McMillan<span><\/span><br \/><strong>Hardcover<\/strong><span>\u00a0|\u00a0<\/span><strong>Pages:<\/strong><span>\u00a040<\/span><br \/><strong>Size:<\/strong><span> 9.01 x 0.14 x 9.03 inch | <\/span><strong>USD:<\/strong><span>\u00a0$<\/span><span id=\"priceearea\">9.99<\/span><br \/><strong>ISBN:<\/strong><span> 9781250062703<\/span><br \/><strong>Age:<\/strong><span>\u00a0<\/span>4-8<\/p>\n<p><span><\/span><\/p>\n<p>[\/et_pb_text][et_pb_text _builder_version=&#8221;4.9.1&#8243; _module_preset=&#8221;default&#8221; custom_padding=&#8221;||0px|||&#8221;]<\/p>\n<h4><strong>ABOUT THE BOOK<\/strong><\/h4>\n<div id=\"longdesc\">\n<p>Se\u00f1oras y se\u00f1ores, put your hands together for the fantastic, spectacular, one of a kind . . . Ni\u00f1o!<\/p>\n<p>Fwap! Slish! Bloop! Krunch! He takes down his competition in a single move!<\/p>\n<p>No opponent is too big a challenge for the cunning skills of Ni\u00f1o\u2015popsicle eater, toy lover, somersault expert, and world champion lucha libre competitor!<\/p>\n<p>Ni\u00f1o Wrestles the World is in English with Spanish vocabulary, and is a fun, colorful story about a boy wrestling with imaginary monsters (including an Olmec Head and La Llorona) and adversaries like his younger sisters. This is a joyful picture book about imagination, play, and siblings.<\/p>\n<\/div>\n<p>[\/et_pb_text][\/et_pb_column][\/et_pb_row][et_pb_row _builder_version=&#8221;3.25&#8243; custom_padding=&#8221;5px||4px|||&#8221; locked=&#8221;off&#8221;][et_pb_column type=&#8221;4_4&#8243; _builder_version=&#8221;3.25&#8243; custom_padding=&#8221;|||&#8221; custom_padding__hover=&#8221;|||&#8221;][et_pb_text _builder_version=&#8221;3.27.4&#8243; text_font=&#8221;||||||||&#8221; header_font=&#8221;||||||||&#8221; header_2_font=&#8221;Abhaya Libre|700|||||||&#8221; header_2_font_size=&#8221;64px&#8221; header_2_line_height=&#8221;1.2em&#8221; text_orientation=&#8221;center&#8221; custom_margin=&#8221;|||&#8221; custom_padding=&#8221;0px||0px|||&#8221; animation_style=&#8221;slide&#8221; animation_direction=&#8221;top&#8221; animation_intensity_slide=&#8221;5%&#8221; animation_starting_opacity=&#8221;100%&#8221; header_2_font_size_tablet=&#8221;40px&#8221; header_2_font_size_phone=&#8221;&#8221; header_2_font_size_last_edited=&#8221;on|tablet&#8221; inline_fonts=&#8221;Abhaya Libre&#8221;]<\/p>\n<h2><strong><span style=\"font-family: inherit; font-size: xx-large;\">Videos<\/span><\/strong><\/h2>\n<p>[\/et_pb_text][\/et_pb_column][\/et_pb_row][et_pb_row column_structure=&#8221;1_3,1_3,1_3&#8243; _builder_version=&#8221;4.9.1&#8243; _module_preset=&#8221;default&#8221; custom_padding=&#8221;10px||5px|||&#8221;][et_pb_column type=&#8221;1_3&#8243; _builder_version=&#8221;4.9.1&#8243; _module_preset=&#8221;default&#8221;][et_pb_video src=&#8221;https:\/\/www.youtube.com\/watch?v=NPmmh_h2c9U&#038;t=2s&#8221; _builder_version=&#8221;4.9.1&#8243; _module_preset=&#8221;default&#8221;][\/et_pb_video][et_pb_video_slider _builder_version=&#8221;4.9.1&#8243; _module_preset=&#8221;default&#8221;][\/et_pb_video_slider][\/et_pb_column][et_pb_column type=&#8221;1_3&#8243; _builder_version=&#8221;4.9.1&#8243; _module_preset=&#8221;default&#8221;][et_pb_video src=&#8221;https:\/\/www.youtube.com\/watch?v=79sFOBfmMs8&#8243; _builder_version=&#8221;4.9.1&#8243; _module_preset=&#8221;default&#8221;][\/et_pb_video][\/et_pb_column][et_pb_column type=&#8221;1_3&#8243; _builder_version=&#8221;4.9.1&#8243; _module_preset=&#8221;default&#8221;][et_pb_video src=&#8221;https:\/\/www.youtube.com\/watch?v=rz0Mpp_IzW8&#8243; _builder_version=&#8221;4.9.1&#8243; _module_preset=&#8221;default&#8221;][\/et_pb_video][et_pb_video_slider _builder_version=&#8221;4.9.1&#8243; _module_preset=&#8221;default&#8221;][\/et_pb_video_slider][\/et_pb_column][\/et_pb_row][et_pb_row column_structure=&#8221;1_3,1_3,1_3&#8243; _builder_version=&#8221;4.9.1&#8243; _module_preset=&#8221;default&#8221; custom_padding=&#8221;10px||5px|||&#8221;][et_pb_column type=&#8221;1_3&#8243; _builder_version=&#8221;4.9.1&#8243; _module_preset=&#8221;default&#8221;][et_pb_video_slider _builder_version=&#8221;4.9.1&#8243; _module_preset=&#8221;default&#8221;][et_pb_video_slider_item src=&#8221;https:\/\/www.youtube.com\/watch?v=V0dIK2nX7hk&#8221; _builder_version=&#8221;4.9.1&#8243; _module_preset=&#8221;default&#8221; show_image_overlay=&#8221;off&#8221;][\/et_pb_video_slider_item][\/et_pb_video_slider][\/et_pb_column][et_pb_column type=&#8221;1_3&#8243; _builder_version=&#8221;4.9.1&#8243; _module_preset=&#8221;default&#8221;][et_pb_video src=&#8221;https:\/\/www.youtube.com\/watch?v=nEf-Qi_V7_A&#8221; _builder_version=&#8221;4.9.1&#8243; _module_preset=&#8221;default&#8221;][\/et_pb_video][\/et_pb_column][et_pb_column type=&#8221;1_3&#8243; _builder_version=&#8221;4.9.1&#8243; _module_preset=&#8221;default&#8221;][et_pb_video src=&#8221;https:\/\/www.youtube.com\/watch?v=hx5bxQyIEJw&#8221; _builder_version=&#8221;4.9.1&#8243; _module_preset=&#8221;default&#8221;][\/et_pb_video][et_pb_video_slider _builder_version=&#8221;4.9.1&#8243; _module_preset=&#8221;default&#8221;][\/et_pb_video_slider][\/et_pb_column][\/et_pb_row][et_pb_row _builder_version=&#8221;3.25&#8243; custom_padding=&#8221;5px||4px|||&#8221; locked=&#8221;off&#8221;][et_pb_column type=&#8221;4_4&#8243; _builder_version=&#8221;3.25&#8243; custom_padding=&#8221;|||&#8221; custom_padding__hover=&#8221;|||&#8221;][et_pb_text _builder_version=&#8221;3.27.4&#8243; text_font=&#8221;||||||||&#8221; header_font=&#8221;||||||||&#8221; header_2_font=&#8221;Abhaya Libre|700|||||||&#8221; header_2_font_size=&#8221;64px&#8221; header_2_line_height=&#8221;1.2em&#8221; text_orientation=&#8221;center&#8221; custom_margin=&#8221;||4px|||&#8221; custom_padding=&#8221;0px||0px|||&#8221; animation_style=&#8221;slide&#8221; animation_direction=&#8221;top&#8221; animation_intensity_slide=&#8221;5%&#8221; animation_starting_opacity=&#8221;100%&#8221; header_2_font_size_tablet=&#8221;40px&#8221; header_2_font_size_phone=&#8221;&#8221; header_2_font_size_last_edited=&#8221;on|tablet&#8221; inline_fonts=&#8221;Abhaya Libre&#8221;]<\/p>\n<h2><strong><span style=\"font-family: inherit; font-size: xx-large;\">Awards<\/span><\/strong><\/h2>\n<p>[\/et_pb_text][et_pb_text _builder_version=&#8221;4.9.1&#8243; _module_preset=&#8221;default&#8221; custom_padding=&#8221;|||2px||&#8221;]<\/p>\n<ul class=\"boldlist\">\n<li><b>Pura Belpr\u00e9 Illustrator Award Winner<\/b><br \/><b>A Bank Street Best Children&#8217;s Book of the Year<\/b><br \/><b>ALSC Notable Children&#8217;s Book<\/b><br \/><b>A Mamiverse.com Top 50 Latino Children&#8217;s Books You Should Know<\/b><\/li>\n<\/ul>\n<p>[\/et_pb_text][\/et_pb_column][\/et_pb_row][et_pb_row _builder_version=&#8221;4.9.1&#8243; _module_preset=&#8221;default&#8221; custom_margin=&#8221;|auto|-7px|auto||&#8221; custom_padding=&#8221;||8px|||&#8221;][et_pb_column type=&#8221;4_4&#8243; _builder_version=&#8221;4.9.1&#8243; _module_preset=&#8221;default&#8221;][et_pb_text _builder_version=&#8221;3.27.4&#8243; text_font=&#8221;||||||||&#8221; header_font=&#8221;||||||||&#8221; header_2_font=&#8221;Abhaya Libre|700|||||||&#8221; header_2_font_size=&#8221;64px&#8221; header_2_line_height=&#8221;1.2em&#8221; text_orientation=&#8221;center&#8221; custom_margin=&#8221;|||&#8221; custom_padding=&#8221;0px||0px|||&#8221; animation_style=&#8221;slide&#8221; animation_direction=&#8221;top&#8221; animation_intensity_slide=&#8221;5%&#8221; animation_starting_opacity=&#8221;100%&#8221; header_2_font_size_tablet=&#8221;40px&#8221; header_2_font_size_phone=&#8221;&#8221; header_2_font_size_last_edited=&#8221;on|tablet&#8221; inline_fonts=&#8221;Abhaya Libre&#8221;]<\/p>\n<h2><strong><span style=\"font-family: inherit; font-size: xx-large;\"><span style=\"font-size: large;\">\u2605\u2605\u2605<\/span> Reviews <span style=\"font-size: large;\">\u2605\u2605\u2605<\/span><\/span><\/strong><\/h2>\n<p>[\/et_pb_text][\/et_pb_column][\/et_pb_row][et_pb_row _builder_version=&#8221;4.9.1&#8243; _module_preset=&#8221;default&#8221; custom_padding=&#8221;8px||3px|||&#8221;][et_pb_column type=&#8221;4_4&#8243; _builder_version=&#8221;4.9.1&#8243; _module_preset=&#8221;default&#8221;][et_pb_text _builder_version=&#8221;4.9.1&#8243; _module_preset=&#8221;default&#8221; custom_padding=&#8221;||1px|||&#8221;]<\/p>\n<p><span>\u2605 <\/span>The saturated palette, dynamic composition, and copious spike-ballooned sound effects add ebullient visual noise. Beneath the furious fun, though, beats a tender heart.&#8221; \u2014<strong>The Horn Book, starred review<\/strong><\/p>\n<p><span>\u2605 <\/span>&#8220;Kids with multicultural classmates will recognize (or learn Ni\u00f1o&#8217;s many Spanish exclamations. A closing note explains the lucha libre culture.&#8221; \u2014<strong>Booklist<\/strong><\/p>\n<p>[\/et_pb_text][\/et_pb_column][\/et_pb_row][et_pb_row _builder_version=&#8221;4.9.1&#8243; _module_preset=&#8221;default&#8221;][et_pb_column type=&#8221;4_4&#8243; _builder_version=&#8221;4.9.1&#8243; _module_preset=&#8221;default&#8221;][et_pb_text _builder_version=&#8221;3.27.4&#8243; text_font=&#8221;||||||||&#8221; header_font=&#8221;||||||||&#8221; header_2_font=&#8221;Abhaya Libre|700|||||||&#8221; header_2_font_size=&#8221;64px&#8221; header_2_line_height=&#8221;1.2em&#8221; text_orientation=&#8221;center&#8221; custom_margin=&#8221;|||&#8221; custom_padding=&#8221;0px||0px|||&#8221; animation_style=&#8221;slide&#8221; animation_direction=&#8221;top&#8221; animation_intensity_slide=&#8221;5%&#8221; animation_starting_opacity=&#8221;100%&#8221; header_2_font_size_tablet=&#8221;40px&#8221; header_2_font_size_phone=&#8221;&#8221; header_2_font_size_last_edited=&#8221;on|tablet&#8221; inline_fonts=&#8221;Abhaya Libre&#8221;]<\/p>\n<h2><strong><span style=\"font-family: inherit; font-size: xx-large;\">Buy the Hardcover at:<\/span><\/strong><\/h2>\n<p>[\/et_pb_text][et_pb_text _builder_version=&#8221;4.9.1&#8243; _module_preset=&#8221;default&#8221; custom_margin=&#8221;-9px|||||&#8221; custom_padding=&#8221;||0px|||&#8221;]<\/p>\n<p style=\"text-align: center;\"><strong>Buy the Hardcover at:<\/strong><br \/><a href=\"https:\/\/bookshop.org\/books\/nino-wrestles-the-world-171e5df4-2d7a-49f9-a771-2f6a15d97f29\/9781250062703\" target=\"_blank\" rel=\"noopener\">Bookshop<\/a><br \/><a href=\"https:\/\/www.indiebound.org\/book\/9781250062703\" target=\"_blank\" rel=\"noopener\">IndieBound<\/a><br \/><a href=\"https:\/\/www.barnesandnoble.com\/w\/ni-o-wrestles-the-world-yuyi-morales\/1124985659?ean=9781250062703\">Barnes &amp; Noble<\/a><br \/><a href=\"https:\/\/www.amazon.com\/-\/es\/Yuyi-Morales\/dp\/1250062705\/ref=sr_1_1?__mk_es_US=%C3%85M%C3%85%C5%BD%C3%95%C3%91&amp;crid=1LE47N40K6R6K&amp;dchild=1&amp;keywords=wrestles+the+world+child&amp;qid=1634923590&amp;s=books&amp;sprefix=ni%C3%B1o+wrestles+the+world%2Cstripbooks-intl-ship%2C121&amp;sr=1-1\" target=\"_blank\" rel=\"noopener\">Amazon<\/a><\/p>\n<p style=\"text-align: center;\"><strong>Also Available:<\/strong><span><\/span><\/p>\n<div class=\"one-edition\" style=\"text-align: center;\">eBook<\/div>\n<p>[\/et_pb_text][\/et_pb_column][\/et_pb_row][\/et_pb_section]<\/p>\n","protected":false},"excerpt":{"rendered":"<p>[et_pb_section fb_built=&#8221;1&#8243; _builder_version=&#8221;4.9.1&#8243; _module_preset=&#8221;default&#8221;][et_pb_row column_structure=&#8221;1_2,1_2&#8243; _builder_version=&#8221;4.9.1&#8243; _module_preset=&#8221;default&#8221; locked=&#8221;off&#8221;][et_pb_column type=&#8221;1_2&#8243; _builder_version=&#8221;4.9.1&#8243; _module_preset=&#8221;default&#8221;][et_pb_image src=&#8221;http:\/\/yuyimorales.com\/catalogue\/wp-content\/uploads\/2021\/08\/nin\u0303o-1-297&#215;300.jpg&#8221; alt=&#8221;Bright Star&#8221; title_text=&#8221;Ni\u00f1o&#8221; align=&#8221;center&#8221; _builder_version=&#8221;4.9.1&#8243; _module_preset=&#8221;default&#8221; box_shadow_style=&#8221;preset3&#8243;][\/et_pb_image][\/et_pb_column][et_pb_column type=&#8221;1_2&#8243; _builder_version=&#8221;4.9.1&#8243; _module_preset=&#8221;default&#8221;][et_pb_text _builder_version=&#8221;4.9.1&#8243; _module_preset=&#8221;default&#8221;] Ni\u00f1o Wrestles the World by\u00a0Yuyi MoralesPublished by Roaring Bookpress McMillanHardcover\u00a0|\u00a0Pages:\u00a040Size: 9.01 x 0.14 x 9.03 inch | USD:\u00a0$9.99ISBN: 9781250062703Age:\u00a04-8 [\/et_pb_text][et_pb_text _builder_version=&#8221;4.9.1&#8243; _module_preset=&#8221;default&#8221; custom_padding=&#8221;||0px|||&#8221;] ABOUT THE BOOK Se\u00f1oras y se\u00f1ores, put your [&hellip;]<\/p>\n","protected":false},"author":1,"featured_media":0,"parent":0,"menu_order":0,"comment_status":"closed","ping_status":"closed","template":"","meta":{"_et_pb_use_builder":"on","_et_pb_old_content":"","_et_gb_content_width":"","footnotes":""},"class_list":["post-2056","page","type-page","status-publish","hentry"],"_links":{"self":[{"href":"http:\/\/yuyimorales.com\/catalogue\/index.php?rest_route=\/wp\/v2\/pages\/2056","targetHints":{"allow":["GET"]}}],"collection":[{"href":"http:\/\/yuyimorales.com\/catalogue\/index.php?rest_route=\/wp\/v2\/pages"}],"about":[{"href":"http:\/\/yuyimorales.com\/catalogue\/index.php?rest_route=\/wp\/v2\/types\/page"}],"author":[{"embeddable":true,"href":"http:\/\/yuyimorales.com\/catalogue\/index.php?rest_route=\/wp\/v2\/users\/1"}],"replies":[{"embeddable":true,"href":"http:\/\/yuyimorales.com\/catalogue\/index.php?rest_route=%2Fwp%2Fv2%2Fcomments&post=2056"}],"version-history":[{"count":8,"href":"http:\/\/yuyimorales.com\/catalogue\/index.php?rest_route=\/wp\/v2\/pages\/2056\/revisions"}],"predecessor-version":[{"id":2409,"href":"http:\/\/yuyimorales.com\/catalogue\/index.php?rest_route=\/wp\/v2\/pages\/2056\/revisions\/2409"}],"wp:attachment":[{"href":"http:\/\/yuyimorales.com\/catalogue\/index.php?rest_route=%2Fwp%2Fv2%2Fmedia&parent=2056"}],"curies":[{"name":"wp","href":"https:\/\/api.w.org\/{rel}","templated":true}]}}